{"id":1611,"date":"2022-05-16T14:53:27","date_gmt":"2022-05-16T12:53:27","guid":{"rendered":"https:\/\/hmedia.de\/solutions\/?page_id=1611"},"modified":"2024-02-23T12:17:23","modified_gmt":"2024-02-23T10:17:23","slug":"printmanager-hilfe","status":"publish","type":"page","link":"https:\/\/hmedia.de\/solutions\/products\/printmanager\/printmanager-hilfe\/","title":{"rendered":"PrintManager Hilfe"},"content":{"rendered":"\n<h2 class=\"wp-block-heading\"><a>Allgemeines<\/a><\/h2>\n\n\n\n<p>Der PrintManager besteht aus zwei Einheiten \u2013 dem PrintServer und den PrintClient. Der oder die PrintServer wird auf einem zentralen Host installiert und verarbeitet alle Druckauftr\u00e4ge. Der Printclient wird zusammen mit dem iNEWS Client installiert. Er \u00fcbernimmt die Kommunikation sowohl mit dem Backend als auch mit dem Adobe Acrobat Reader bzw. der Drucker Infrastruktur.<\/p>\n\n\n\n<figure class=\"wp-block-image size-full\"><img loading=\"lazy\" decoding=\"async\" width=\"945\" height=\"516\" src=\"https:\/\/hmedia.de\/solutions\/wp-content\/uploads\/2022\/05\/image-2.png\" alt=\"\" class=\"wp-image-1616\" srcset=\"https:\/\/hmedia.de\/solutions\/wp-content\/uploads\/2022\/05\/image-2.png 945w, https:\/\/hmedia.de\/solutions\/wp-content\/uploads\/2022\/05\/image-2-300x164.png 300w, https:\/\/hmedia.de\/solutions\/wp-content\/uploads\/2022\/05\/image-2-768x419.png 768w, https:\/\/hmedia.de\/solutions\/wp-content\/uploads\/2022\/05\/image-2-212x116.png 212w\" sizes=\"auto, (max-width: 945px) 100vw, 945px\" \/><\/figure>\n\n\n\n<p>Der gesamte Prozess umfasst folgende Schritte:<\/p>\n\n\n\n<ol class=\"wp-block-list\" type=\"1\">\n<li>\u00dcber Drag&amp;Drop werden die zu druckenden Elemente (ein iNEWS Fach oder eine bzw. mehrere Stories) an den PrintClient \u00fcbergeben. F\u00fcr spezielle Anwendungsf\u00e4lle k\u00f6nnen die Daten auch \u00fcber Kommandozeilen-Parameter \u00fcbergeben werden.<\/li>\n\n\n\n<li>Der Nutzer w\u00e4hlt im n\u00e4chsten Schritt einen Druckstil aus.<\/li>\n\n\n\n<li>Der Printclient sendet die erforderlichen Informationen zu PrintServer.<\/li>\n\n\n\n<li>Der PrintServer holt sich alle notwendigen Daten vom Newsroom Management und konvertiert diese entsprechend den Vorgaben in ein PDF Dokument und schickt dieses zur\u00fcck zum PrintClient.<\/li>\n\n\n\n<li>Der PrintClient zeigt das Dokument an, druckt es aus, oder versendet es als Email.<\/li>\n<\/ol>\n\n\n\n<h2 class=\"wp-block-heading\"><a>Bedienung<\/a><\/h2>\n\n\n\n<h3 class=\"wp-block-heading\"><a>PrintClient im Graphischen Modus<\/a><\/h3>\n\n\n\n<p>Zum Start klickt der Nutzer das Desktop-Icon oder ruft den PrintClient \u00fcber das Windows-Startmen\u00fc auf, oder im iNEWS Client ist ein Button eingerichtet, der den PrintClient ohne Parameter aufruft.<\/p>\n\n\n\n<p>In diesen F\u00e4llen wird die graphische Oberfl\u00e4che des PrintClients ge\u00f6ffnet. Das Fenster befindet sich im Vordergrund, solange es auf Nutzereingaben wartet.<\/p>\n\n\n\n<ol class=\"wp-block-list\" type=\"1\">\n<li>Der Nutzer zieht per drag&amp;drop die zu druckenden Daten (markierte Stories oder eine Queue) auf das PrintClient-Fenster.<\/li>\n\n\n\n<li>Als n\u00e4chstes kontaktiert der PrintClient den PrintServer und holt sich die Liste der Printstyles f\u00fcr das entsprechende System. Diese Liste wird weiter gefiltert nach den angegebenen Kriterien.<\/li>\n\n\n\n<li>Der Nutzer w\u00e4hlt einen Printstyle aus und entscheidet, was passiert, nachdem der Druckauftrag durch den Printserver abgearbeitet wurde:\n<ol class=\"wp-block-list\">\n<li>\u00dcber den Vorschau-Knopf wird das Dokument im Acrobat Reader angezeigt.<\/li>\n\n\n\n<li>\u00dcber den Druck-Knopf wird das Dokument auf dem gew\u00e4hlten Drucker ausgedruckt.<\/li>\n\n\n\n<li>Der Abbrechen-Knopf ist immer verf\u00fcgbar. Er bricht den Druckvorgang ab und schlie\u00dft den PrintClient.<\/li>\n\n\n\n<li>Im Email-Panel k\u00f6nnen Absender und Empf\u00e4nger eingetragen werden und das Dokument verschickt werden.<\/li>\n<\/ol>\n<\/li>\n<\/ol>\n\n\n\n<p>F\u00fcr die Dauer der Vorschau (solange der Acrobat Reader ge\u00f6ffnet ist), bleibt das PrintClient Fenster minimiert.<\/p>\n\n\n\n<p>Wenn eine Email verschickt oder der Druck beendet wurde, wird auch der PrintClient beendet.<\/p>\n\n\n\n<h3 class=\"wp-block-heading\"><br><a>PrintClient Kommandozeilen Parameter<\/a><\/h3>\n\n\n\n<p>Die <strong>PrintClient Java.exe<\/strong> Datei kann mit Parametern aufgerufen werden, um entsprechende Daten an den PrintClient zu \u00fcbergeben.<\/p>\n\n\n\n<p>Wenn alle notwendigen Parameter (iNEWS System, zu druckendes Fach, Printstyle) \u00fcbergeben werden, startet der Printclient den Druckvorgang unverz\u00fcglich, ohne die graphische Oberfl\u00e4che anzuzeigen.<\/p>\n\n\n\n<p>Sind die Parameter nicht vollst\u00e4ndig, \u00f6ffnet sich das Fenster und die Parameter werden als Vorauswahl angezeigt.<\/p>\n\n\n\n<figure class=\"wp-block-table\"><table><tbody><tr><td><strong>Parameter<\/strong><\/td><td><strong>Beschreibung<\/strong><\/td><\/tr><tr><td>-s [iNEWS System Name]<\/td><td>Gibt den iNEWS Systemnamen an, so wie er im PrintServer konfiguriert ist. Beispiel: <code>-s NRCS<\/code><\/td><\/tr><tr><td>-q [Pfad der Queue]<\/td><td>Gibt den Pfad zum zu druckenden Fach an. Beispiel: <code>-q NEWS.SHOW.1400.RUNDOWN<\/code><\/td><\/tr><tr><td>-t [Printstyle]<\/td><td>Spezifiziert den PrintStyle. Hier wird der Dateiname der Printstyle-Datei verwendet, <strong>nicht<\/strong> der Anzeigename! Beispiel: <code>-t rundown_body.xsl<\/code><\/td><\/tr><tr><td>-c<\/td><td>Wenn dieser Parameter \u00fcbergeben wird, versucht der PrintClient, iNEWS System und Queue aus der Windows-Zwischenablage zu lesen. Ist dieser Parameter gesetzt, werden die Parameter -s und -q ignoriert. Die Daten in der Zwischenablage m\u00fcssen folgendem Muster entsprechen: <strong>[iNEWS System Name]Queue Name<\/strong><\/td><\/tr><tr><td>-p [Drucker]<\/td><td>Gibt den Drucker an, an den der Druckauftrag geschickt wird. Enth\u00e4lt der Druckername Leerzeichen, muss er in Anf\u00fchrungszeichen gesetzt werden. Wird kein Drucker explizit angegeben, wird automatisch der Standard-Drucker verwendet. Beispiel: <code>-p \"Microsoft XPS Document Writer\"<\/code><\/td><\/tr><tr><td>-show<\/td><td>Unabh\u00e4ngig, ob die Parameter f\u00fcr einen Druck gen\u00fcgen oder nicht, wird die grafische Schnittstelle des PrintClient angezeigt.<\/td><\/tr><tr><td>-o<\/td><td>Dieser Parameter aktiviert die Vorschau des Druckergebnisses im Acrobat Reader. Nach dem Anzeigen der Vorschau ist der PrintClient beendet.<\/td><\/tr><tr><td>-from [Email-Adresse]<\/td><td>Spezifiziert die Absender-Adresse. Beispiel: <code>-from andreas@hmedia.de<\/code><\/td><\/tr><tr><td>-to [Email-Adresse]<\/td><td>Spezifiziert den Empf\u00e4nger. Beispiel: <code>-to andreas@hmedia.de<\/code><\/td><\/tr><tr><td>-type [Datentyp]<\/td><td>Legt fest, welche Dateien per Email verschickt werden sollen: <br>&#8211; <code>PDF_REQUEST<\/code> \u2013 die PDF Datei wird geschickt. Das ist die Standard-Einstellung.<br>&#8211; <code>PDF_AND_XML_REQUEST <\/code>\u2013 mit diesem Datentyp wird zus\u00e4tzlich noch die XML Datei geschickt, die vom NewsRoom Management System empfangen wurde. Das ist hilfreich f\u00fcr technische Implementierungen und Fehlersuche.<\/td><\/tr><\/tbody><\/table><\/figure>\n\n\n\n<h4 class=\"wp-block-heading\">Beispiel 1<\/h4>\n\n\n\n<p>Sie m\u00f6chten das Fach NEWS.1200.RUNDOWN des Systems NRCS mit dem Druckstil rundown.xsl drucken, dann sieht die entsprechende Kommandozeile wie folgt aus:<\/p>\n\n\n\n<pre class=\"wp-block-code\"><code>PrintClient Java.exe -s NRCS \u2013 q NEWS.1200.RUDOWN -t rundown.xsl<\/code><\/pre>\n\n\n\n<h4 class=\"wp-block-heading\">Beispiel 2<\/h4>\n\n\n\n<p>Sie m\u00f6chten wie im Beispiel 1 drucken, aber das Ergebnis an den Netzwerkdrucker <a href=\"file:\/\/buero.hmedia.de\/hp_laser\">\\\\buero.hmedia.de\\hp_laser<\/a> senden:<\/p>\n\n\n\n<pre class=\"wp-block-code\"><code>PrintClient Java.exe -s NRCS \u2013 q NEWS.1200.RUDOWN -t rundown.xsl -p \\\\buero.hmedia.de\\hp_laser<\/code><\/pre>\n\n\n\n<h4 class=\"wp-block-heading\">Beispiel 3<\/h4>\n\n\n\n<p>Sie m\u00f6chten wie im Beispiel 1 drucken, aber die zu druckende Quelle \u00fcber die Zwischenablage \u00fcbergeben. Die Daten in der Zwischenablage speichern Sie in normaler Text im Format<\/p>\n\n\n\n<pre class=\"wp-block-code\"><code>&#91;iNEWS System Name]Queue Name<\/code><\/pre>\n\n\n\n<p>Die Zwischenablage mit Daten aus Beispiel 1 sieht dann wie folgt aus:<\/p>\n\n\n\n<pre class=\"wp-block-code\"><code>&#91;NRCS]NEWS.1200.RUNDOWN<\/code><\/pre>\n\n\n\n<p>Die entsprechende Kommandozeile sieht dann wie folgt aus:<\/p>\n\n\n\n<pre class=\"wp-block-code\"><code>PrintClient Java.exe -c -t rundown.xsl<\/code><\/pre>\n\n\n\n<p>Um den iNEWS Systemnamen und den Fachnamen in die Windows Zwischenablage zu kopieren, kann ein iNEWS Macro verwendet werden, dass dann auf einen Button oder ein Tastenk\u00fcrzel gelegt wird.<\/p>\n\n\n\n<h3 class=\"wp-block-heading\"><a>Ein-Klick Modus<\/a><\/h3>\n\n\n\n<p>Mit den bisherigen Bedienungen sind typischerweise zwei Schritte n\u00f6tig \u2013 Kopieren der zu druckenden Queue in die Zwischenablage und Starten des Printclients mit vorgegebenem Druckstil.<\/p>\n\n\n\n<p>Mit dem Hmedia <strong>PrintClientClipboardMonitor<\/strong> ist das Drucken mit Klick auf nur einen iNEWS Toolbar Button oder ein Tastenk\u00fcrzel m\u00f6glich.<\/p>\n\n\n\n<p>Dazu l\u00e4uft auf den PrintClient PCs der PrintClientClipboardMonitor im System Tray. Wenn Daten mit einem bestimmten Format in die Zwischenablage kopiert werden, startet dieser den PrintClient mit den entsprechenden Parametern.<\/p>\n\n\n\n<p>Der PrintClientClipboardMonitor wird automatisch in den Autostart Ordner des Nutzers installiert.<\/p>\n\n\n\n<figure class=\"wp-block-image size-full is-resized\"><img loading=\"lazy\" decoding=\"async\" width=\"267\" height=\"140\" src=\"https:\/\/hmedia.de\/solutions\/wp-content\/uploads\/2022\/05\/image.png\" alt=\"\" class=\"wp-image-1622\" style=\"aspect-ratio:1.9071428571428573;width:271px;height:auto\" srcset=\"https:\/\/hmedia.de\/solutions\/wp-content\/uploads\/2022\/05\/image.png 267w, https:\/\/hmedia.de\/solutions\/wp-content\/uploads\/2022\/05\/image-221x116.png 221w\" sizes=\"auto, (max-width: 267px) 100vw, 267px\" \/><\/figure>\n\n\n\n<p>Das Format der Zwischenablage muss folgender Syntax entsprechen:<\/p>\n\n\n\n<pre class=\"wp-block-code\"><code>PRINT&#91;iNEWS System Name]Queue Name &lt;Optionen><\/code><\/pre>\n\n\n\n<p>Um obiges Beispiel zu verwenden, w\u00e4re der Text in der Zwischenablage:<\/p>\n\n\n\n<pre class=\"wp-block-code\"><code>PRINT&#91;NRCS]NEWS.1200.RUNDOWN -t rundown.xsl<\/code><\/pre>\n","protected":false},"excerpt":{"rendered":"<p>Allgemeines Der PrintManager besteht aus zwei Einheiten \u2013 dem PrintServer und den PrintClient. Der oder die PrintServer wird auf einem zentralen Host installiert und verarbeitet alle Druckauftr\u00e4ge. Der Printclient wird &#8230;<\/p>\n","protected":false},"author":1,"featured_media":0,"parent":1559,"menu_order":0,"comment_status":"closed","ping_status":"closed","template":"","meta":{"footnotes":""},"class_list":["post-1611","page","type-page","status-publish","hentry"],"_links":{"self":[{"href":"https:\/\/hmedia.de\/solutions\/wp-json\/wp\/v2\/pages\/1611","targetHints":{"allow":["GET"]}}],"collection":[{"href":"https:\/\/hmedia.de\/solutions\/wp-json\/wp\/v2\/pages"}],"about":[{"href":"https:\/\/hmedia.de\/solutions\/wp-json\/wp\/v2\/types\/page"}],"author":[{"embeddable":true,"href":"https:\/\/hmedia.de\/solutions\/wp-json\/wp\/v2\/users\/1"}],"replies":[{"embeddable":true,"href":"https:\/\/hmedia.de\/solutions\/wp-json\/wp\/v2\/comments?post=1611"}],"version-history":[{"count":7,"href":"https:\/\/hmedia.de\/solutions\/wp-json\/wp\/v2\/pages\/1611\/revisions"}],"predecessor-version":[{"id":1711,"href":"https:\/\/hmedia.de\/solutions\/wp-json\/wp\/v2\/pages\/1611\/revisions\/1711"}],"up":[{"embeddable":true,"href":"https:\/\/hmedia.de\/solutions\/wp-json\/wp\/v2\/pages\/1559"}],"wp:attachment":[{"href":"https:\/\/hmedia.de\/solutions\/wp-json\/wp\/v2\/media?parent=1611"}],"curies":[{"name":"wp","href":"https:\/\/api.w.org\/{rel}","templated":true}]}}