{"id":2607,"date":"2017-08-03T11:47:09","date_gmt":"2017-08-03T09:47:09","guid":{"rendered":"http:\/\/hmedia.de\/photo\/?page_id=2607"},"modified":"2017-11-01T12:46:11","modified_gmt":"2017-11-01T10:46:11","slug":"fotoshootings","status":"publish","type":"page","link":"https:\/\/hmedia.de\/photo\/fotoshootings\/","title":{"rendered":"Fotoshootings"},"content":{"rendered":"<div id='Leistungen' class='widgets_on_page wop_tiny1  wop_small1  wop_medium1  wop_large1  wop_wide1'>\n\t\t\t<ul><li id=\"nav_menu-6\" class=\"widget widget_nav_menu\"><h2 class=\"widgettitle\">Meine Leistungen<\/h2><div class=\"menu-leistungen-container\"><ul id=\"menu-leistungen\" class=\"menu\"><li id=\"menu-item-2662\" class=\"menu-item menu-item-type-post_type menu-item-object-page menu-item-2662\"><a href=\"https:\/\/hmedia.de\/photo\/fotoshootings\/businessfotos\/\" itemprop=\"url\">Businessfotos<\/a><\/li>\n<li id=\"menu-item-2661\" class=\"menu-item menu-item-type-post_type menu-item-object-page menu-item-2661\"><a href=\"https:\/\/hmedia.de\/photo\/fotoshootings\/erinnerungsfotos\/\" itemprop=\"url\">Erinnerungsfotos<\/a><\/li>\n<li id=\"menu-item-2660\" class=\"menu-item menu-item-type-post_type menu-item-object-page menu-item-2660\"><a href=\"https:\/\/hmedia.de\/photo\/fotoshootings\/tierportraits\/\" itemprop=\"url\">Tierportraits<\/a><\/li>\n<li id=\"menu-item-2659\" class=\"menu-item menu-item-type-post_type menu-item-object-page menu-item-2659\"><a href=\"https:\/\/hmedia.de\/photo\/fotoshootings\/welpenbilder\/\" itemprop=\"url\">Welpenbilder<\/a><\/li>\n<\/ul><\/div><\/li><\/ul><\/div><!-- widgets_on_page -->\n<p>Auf dieser Seite stelle ich kurz meine Angebote f\u00fcr Dich vor. Weitere Details wie <strong>Umfang, Ablauf und Preise<\/strong> findest Du auf den entsprechenden Unterseiten, die hier im Men\u00fc rechts und in den Abschnitten verlinkt sind.<\/p>\n<p>Kurz vorweg:&nbsp;Vielleicht stolperst Du dar\u00fcber, da\u00df ich Dich mit Du anspreche. Das ist ungew\u00f6hnlich, magst Du vielleicht denken. Ich m\u00f6chte damit verdeutlichen, da\u00df ein gutes Fotoshooting mehr ist, als nur ein paar Bilder aufzunehmen. Die Atmosph\u00e4re zwischen uns muss stimmen und vertrauensvoll sein. Die Distanz, die das Sie notwendigerweise mit sich bringt, ist da eher hinderlich. F\u00fcr Deine Shootings werden wir auf einer sehr pers\u00f6nlichen Ebene zusammenarbeiten. Du bist mehr als nur ein Objekt vor meiner Linse und ich bin mehr als nur einer, der auf den Ausl\u00f6ser dr\u00fcckt.&nbsp;<\/p>\n<h1>Bewerbungsfotos<\/h1>\n<p><img loading=\"lazy\" decoding=\"async\" class=\"wp-image-2612 size-full\" src=\"https:\/\/hmedia.de\/photo\/wp-content\/uploads\/2017\/05\/Headshot-Lucas.jpg\" alt=\"\" width=\"1920\" height=\"307\" srcset=\"https:\/\/hmedia.de\/photo\/wp-content\/uploads\/2017\/05\/Headshot-Lucas.jpg 1920w, https:\/\/hmedia.de\/photo\/wp-content\/uploads\/2017\/05\/Headshot-Lucas-300x48.jpg 300w, https:\/\/hmedia.de\/photo\/wp-content\/uploads\/2017\/05\/Headshot-Lucas-768x123.jpg 768w, https:\/\/hmedia.de\/photo\/wp-content\/uploads\/2017\/05\/Headshot-Lucas-1024x164.jpg 1024w\" sizes=\"auto, (max-width: 1920px) 100vw, 1920px\" \/><\/p>\n<p>Mit diesem Fotoshooting erh\u00e4ltst Du hochwertige Business-Portraits f\u00fcr Bewerbungen, Lebenslauf, Pr\u00e4sentationen, SocialMedia etc. Ich habe von einem der besten Portrait-Fotografen der Welt gelernt &#8211; <strong>Peter Hurley aus New York<\/strong>. Hohe technische Qualit\u00e4t vereint mit dem besonderen Etwas machen diese Bilder aus. Verbessere Dein Ranking und Deine Bewerbungschancen mit einem au\u00dfergew\u00f6hnlich guten Portrait&nbsp;<a href=\"https:\/\/hmedia.de\/photo\/menschen\/businessfotos\/\">\u22d7 Fotoshooting Business Portrait<\/a><\/p>\nngg_shortcode_0_placeholder\n<p>&nbsp;<\/p>\n<h1>Private Erinnerungsfotos<\/h1>\n<p><img loading=\"lazy\" decoding=\"async\" class=\"size-full wp-image-2613\" src=\"https:\/\/hmedia.de\/photo\/wp-content\/uploads\/2017\/05\/Portrait-of-a-couple.jpg\" alt=\"\" width=\"1920\" height=\"307\" srcset=\"https:\/\/hmedia.de\/photo\/wp-content\/uploads\/2017\/05\/Portrait-of-a-couple.jpg 1920w, https:\/\/hmedia.de\/photo\/wp-content\/uploads\/2017\/05\/Portrait-of-a-couple-300x48.jpg 300w, https:\/\/hmedia.de\/photo\/wp-content\/uploads\/2017\/05\/Portrait-of-a-couple-768x123.jpg 768w, https:\/\/hmedia.de\/photo\/wp-content\/uploads\/2017\/05\/Portrait-of-a-couple-1024x164.jpg 1024w\" sizes=\"auto, (max-width: 1920px) 100vw, 1920px\" \/><\/p>\n<p>Unser Shooting findet bei mir im Studio oder an einer geeigneten Location statt. Das h\u00e4ngt sehr von der Art der Bilder ab, die Du haben m\u00f6chtest. K\u00fcnstlerische Fotos von Dir mit speziellen Licht-Setups, markante Sportportraits, In-situ-Shootings von Dir und Deinem Hobby, stimmungsvolle Paarfotos oder traumhafte Erinnerungsfotos mit der ganzen Familie sind nur einige Motive, die ich f\u00fcr Dich ablichte&nbsp;<a href=\"https:\/\/hmedia.de\/photo\/menschen\/erinnerungsfotos\/\">\u22d7 Fotoshooting Private Erinnerungsfotos<\/a><\/p>\nngg_shortcode_1_placeholder\n<p>&nbsp;<\/p>\n<h1>Fotoshooting Haustiere<\/h1>\n<p><img loading=\"lazy\" decoding=\"async\" class=\"alignnone size-full wp-image-2615\" src=\"https:\/\/hmedia.de\/photo\/wp-content\/uploads\/2017\/05\/Zuma.jpg\" alt=\"\" width=\"1920\" height=\"307\" srcset=\"https:\/\/hmedia.de\/photo\/wp-content\/uploads\/2017\/05\/Zuma.jpg 1920w, https:\/\/hmedia.de\/photo\/wp-content\/uploads\/2017\/05\/Zuma-300x48.jpg 300w, https:\/\/hmedia.de\/photo\/wp-content\/uploads\/2017\/05\/Zuma-768x123.jpg 768w, https:\/\/hmedia.de\/photo\/wp-content\/uploads\/2017\/05\/Zuma-1024x164.jpg 1024w\" sizes=\"auto, (max-width: 1920px) 100vw, 1920px\" \/><\/p>\n<p>Durch meine N\u00e4he zur <a href=\"https:\/\/hundeschule-tierpension.jimdo.com\" target=\"_blank\" rel=\"noopener\">\u22d7 Hundeschule und Tierpension von Jana Waldek<\/a> habe ich ein besonderes Verh\u00e4ltnis zu Hunden und Katzen. Es ist nicht einfach, den Tieren mit der Kamera gerecht zu werden. Aber es macht ungeheuer Spa\u00df und die Ergebnisse entsch\u00e4digen f\u00fcr alle M\u00fche. F\u00fcr Dich erstelle ich unvergleichliche Tierportraits von Deinem Vierbeiner, eine Erinnerung f\u00fcr das ganze Leben&nbsp;<a href=\"https:\/\/hmedia.de\/photo\/fotoshootings\/tierportraits\/\">\u22d7 Fotoshooting Tierportraits<\/a><\/p>\nngg_shortcode_2_placeholder\n<h2>Spezial Welpenshooting<\/h2>\n<p><img loading=\"lazy\" decoding=\"async\" class=\"size-full wp-image-2614\" src=\"https:\/\/hmedia.de\/photo\/wp-content\/uploads\/2017\/05\/Welcome-In-Life-1.jpg\" alt=\"\" width=\"1920\" height=\"307\" srcset=\"https:\/\/hmedia.de\/photo\/wp-content\/uploads\/2017\/05\/Welcome-In-Life-1.jpg 1920w, https:\/\/hmedia.de\/photo\/wp-content\/uploads\/2017\/05\/Welcome-In-Life-1-300x48.jpg 300w, https:\/\/hmedia.de\/photo\/wp-content\/uploads\/2017\/05\/Welcome-In-Life-1-768x123.jpg 768w, https:\/\/hmedia.de\/photo\/wp-content\/uploads\/2017\/05\/Welcome-In-Life-1-1024x164.jpg 1024w\" sizes=\"auto, (max-width: 1920px) 100vw, 1920px\" \/><\/p>\n<p>F\u00fcr K\u00e4ufer eines Welpen von den <a href=\"https:\/\/labradore.jimdo.com\" target=\"_blank\" rel=\"noopener\">\u22d7 Grizzlyb\u00e4ren <\/a>biete ich einen einmaligen Service an. Ich begleite die Entwicklung Deines Welpen in den ersten Lebenswochen fotografisch. In mehreren Shootings entstehen traumhafte Einblicke in diese aufregende Zeit, die Dir sonst verborgen bleibt. Die ersten tapsigen Schritte, die ersten neugierigen Blicke in die Welt, die spielerischen Raufereien unter den Geschwistern, all das halte ich f\u00fcr Dich fest&nbsp;<a href=\"https:\/\/hmedia.de\/photo\/tiere\/welpenbilder\/\">\u22d7 Special Welpenbilder<\/a><\/p>\nngg_shortcode_3_placeholder\n","protected":false},"excerpt":{"rendered":"<p>Auf dieser Seite stelle ich kurz meine Angebote f\u00fcr Dich vor. Weitere Details wie Umfang, Ablauf und Preise findest Du auf den entsprechenden Unterseiten, die hier im Men\u00fc rechts und in den Abschnitten verlinkt sind. Kurz vorweg:&nbsp;Vielleicht stolperst Du dar\u00fcber, da\u00df ich Dich mit Du anspreche. Das ist ungew\u00f6hnlich, magst Du vielleicht denken. Ich m\u00f6chte [&hellip;]<\/p>\n","protected":false},"author":1,"featured_media":0,"parent":0,"menu_order":0,"comment_status":"closed","ping_status":"closed","template":"page-templates\/template-no-sidebar.php","meta":{"_genesis_hide_title":false,"_genesis_hide_breadcrumbs":false,"_genesis_hide_singular_image":false,"_genesis_hide_footer_widgets":false,"_genesis_custom_body_class":"","_genesis_custom_post_class":"","_genesis_layout":"","ngg_post_thumbnail":0,"footnotes":""},"class_list":{"0":"post-2607","1":"page","2":"type-page","3":"status-publish","5":"entry","6":"has-post-thumbnail"},"aioseo_notices":[],"_links":{"self":[{"href":"https:\/\/hmedia.de\/photo\/wp-json\/wp\/v2\/pages\/2607","targetHints":{"allow":["GET"]}}],"collection":[{"href":"https:\/\/hmedia.de\/photo\/wp-json\/wp\/v2\/pages"}],"about":[{"href":"https:\/\/hmedia.de\/photo\/wp-json\/wp\/v2\/types\/page"}],"author":[{"embeddable":true,"href":"https:\/\/hmedia.de\/photo\/wp-json\/wp\/v2\/users\/1"}],"replies":[{"embeddable":true,"href":"https:\/\/hmedia.de\/photo\/wp-json\/wp\/v2\/comments?post=2607"}],"version-history":[{"count":20,"href":"https:\/\/hmedia.de\/photo\/wp-json\/wp\/v2\/pages\/2607\/revisions"}],"predecessor-version":[{"id":2956,"href":"https:\/\/hmedia.de\/photo\/wp-json\/wp\/v2\/pages\/2607\/revisions\/2956"}],"wp:attachment":[{"href":"https:\/\/hmedia.de\/photo\/wp-json\/wp\/v2\/media?parent=2607"}],"curies":[{"name":"wp","href":"https:\/\/api.w.org\/{rel}","templated":true}]}}