{"id":2527,"date":"2017-07-20T16:44:21","date_gmt":"2017-07-20T14:44:21","guid":{"rendered":"http:\/\/hmedia.de\/photo\/?page_id=2527"},"modified":"2022-03-18T19:55:38","modified_gmt":"2022-03-18T17:55:38","slug":"welpenbilder","status":"publish","type":"page","link":"https:\/\/hmedia.de\/photo\/fotoshootings\/welpenbilder\/","title":{"rendered":"Welpenbilder"},"content":{"rendered":"<p>Ich dokumentiere die ersten Wochen Deines Welpen bei den Labradoren von den Grizzlyb\u00e4ren. Ich mache Shootings mit den Welpen in verschiedenen Altersstufen.<\/p>\n<p>Sobald ich von Dir einen Auftrag erhalte, richte ich Dir im Kundenbereich einen Zugang ein und Du bekommst dar\u00fcber zeitnah alle Bilder der\/Deines Welpen zur Auswahl.<\/p>\n<p>Ich biete Dir Pakete von jeweils 5 oder 10 Bildern an, professionell bearbeitet, als hochaufgel\u00f6ste jpg-Dateien. Die Auswahl der Bilder triffst Du selbst. Nat\u00fcrlich berate ich Dich auch gern. Solltest Du Prints\/Ausbelichtungen w\u00fcnschen, kann ich Dich dazu nat\u00fcrlich ebenfalls beraten bzw. diese selbst erstellen (bis A2). Das h\u00e4ngt von Anzahl und der geplanten Verwendung der Ausdrucke ab. Und selbstverst\u00e4ndlich kannst Du f\u00fcr die Dauer von einem Jahr nach dem Auftrag jederzeit weitere Bilder des Shootings nachbestellen.<\/p>\n<p><strong>Das Paket mit 10 Bildern kostet 300 \u20ac<\/strong>.<\/p>\n<p><strong>Das Paket mit 5 Bildern kostet 180 \u20ac<\/strong>.<\/p>\n<p>Jede weitere Bild-Datei kostet 25 \u20ac.<\/p>\n<p>Alle Preise sind Endpreise inklusive Nebenkosten und Mehrwertsteuer.<\/p>\n<p>Einige Beispielbilder &#8211; wie das Ganze aussehen k\u00f6nnte &#8211; findest Du in meinem Beitrag&nbsp;<a href=\"https:\/\/hmedia.de\/photo\/ein-welpen-album\/\">Welpen-Album<\/a>.<\/p>\n","protected":false},"excerpt":{"rendered":"<p>Ich dokumentiere die ersten Wochen Deines Welpen bei den Labradoren von den Grizzlyb\u00e4ren. Ich mache Shootings mit den Welpen in verschiedenen Altersstufen. Sobald ich von Dir einen Auftrag erhalte, richte ich Dir im Kundenbereich einen Zugang ein und Du bekommst dar\u00fcber zeitnah alle Bilder der\/Deines Welpen zur Auswahl. Ich biete Dir Pakete von jeweils 5 [&hellip;]<\/p>\n","protected":false},"author":1,"featured_media":2530,"parent":2607,"menu_order":0,"comment_status":"closed","ping_status":"closed","template":"page-templates\/template-featured-image.php","meta":{"_genesis_hide_title":false,"_genesis_hide_breadcrumbs":false,"_genesis_hide_singular_image":false,"_genesis_hide_footer_widgets":false,"_genesis_custom_body_class":"","_genesis_custom_post_class":"","_genesis_layout":"","ngg_post_thumbnail":0,"footnotes":""},"class_list":{"0":"post-2527","1":"page","2":"type-page","3":"status-publish","4":"has-post-thumbnail","6":"entry"},"aioseo_notices":[],"_links":{"self":[{"href":"https:\/\/hmedia.de\/photo\/wp-json\/wp\/v2\/pages\/2527","targetHints":{"allow":["GET"]}}],"collection":[{"href":"https:\/\/hmedia.de\/photo\/wp-json\/wp\/v2\/pages"}],"about":[{"href":"https:\/\/hmedia.de\/photo\/wp-json\/wp\/v2\/types\/page"}],"author":[{"embeddable":true,"href":"https:\/\/hmedia.de\/photo\/wp-json\/wp\/v2\/users\/1"}],"replies":[{"embeddable":true,"href":"https:\/\/hmedia.de\/photo\/wp-json\/wp\/v2\/comments?post=2527"}],"version-history":[{"count":4,"href":"https:\/\/hmedia.de\/photo\/wp-json\/wp\/v2\/pages\/2527\/revisions"}],"predecessor-version":[{"id":6932,"href":"https:\/\/hmedia.de\/photo\/wp-json\/wp\/v2\/pages\/2527\/revisions\/6932"}],"up":[{"embeddable":true,"href":"https:\/\/hmedia.de\/photo\/wp-json\/wp\/v2\/pages\/2607"}],"wp:featuredmedia":[{"embeddable":true,"href":"https:\/\/hmedia.de\/photo\/wp-json\/wp\/v2\/media\/2530"}],"wp:attachment":[{"href":"https:\/\/hmedia.de\/photo\/wp-json\/wp\/v2\/media?parent=2527"}],"curies":[{"name":"wp","href":"https:\/\/api.w.org\/{rel}","templated":true}]}}