{"id":173,"date":"2017-05-22T19:56:40","date_gmt":"2017-05-22T17:56:40","guid":{"rendered":"http:\/\/hmedia.de\/photo\/?page_id=173"},"modified":"2017-05-25T09:56:33","modified_gmt":"2017-05-25T07:56:33","slug":"kontakt","status":"publish","type":"page","link":"https:\/\/hmedia.de\/photo\/kontakt\/","title":{"rendered":"Kontakt"},"content":{"rendered":"<p>Vielen Dank, dass Du Kontakt zu mir aufnehmen willst. Das geht ganz einfach \u00fcber das Formular unten auf dieser Seite. Ich versuche, so schnell wie m\u00f6glich zu antworten.<\/p>\n<h2>Adresse<\/h2>\n<p>Hmedia<\/p>\n<p>Vorwerkberg 1<br \/>\n01936 K\u00f6nigsbr\u00fcck<br \/>\nDeutschland<\/p>\n<p>Tel: +49 (0)177 80 61 524<br \/>\nEmail: mail@hmedia.de<\/p>\n<h2>Karte<\/h2>\n<p><a href=\"https:\/\/www.google.de\/maps\/place\/Hartmann+media+solutions\/@51.303157,13.81019,17z\/data=!3m1!4b1!4m2!3m1!1s0x4708319052de211f:0x6d481d90e27db206?hl=de\" target=\"_blank\" rel=\"noopener noreferrer\">Klick hier f\u00fcr Google Maps<br \/>\n<\/a><a href=\"https:\/\/www.google.de\/maps\/place\/Hartmann+media+solutions\/@51.303157,13.81019,17z\/data=!3m1!4b1!4m2!3m1!1s0x4708319052de211f:0x6d481d90e27db206?hl=de\" target=\"_blank\" rel=\"noopener noreferrer\"><img loading=\"lazy\" decoding=\"async\" class=\"alignnone\" src=\"http:\/\/hmedia.de\/Hmedia\/img\/map_small.jpg\" alt=\"Karte\" width=\"282\" height=\"134\"><\/a><\/p>\n<h2>Nachricht<\/h2>\n<p class=\"wpcf7-contact-form-not-found\"><strong>Fehler:<\/strong> Kontaktformular wurde nicht gefunden.<\/p>\n","protected":false},"excerpt":{"rendered":"<p>Vielen Dank, dass Du Kontakt zu mir aufnehmen willst. Das geht ganz einfach \u00fcber das Formular unten auf dieser Seite. Ich versuche, so schnell wie m\u00f6glich zu antworten. Adresse Hmedia Vorwerkberg 1 01936 K\u00f6nigsbr\u00fcck Deutschland Tel: +49 (0)177 80 61 524 Email: mail@hmedia.de Karte Klick hier f\u00fcr Google Maps Nachricht<\/p>\n","protected":false},"author":1,"featured_media":0,"parent":0,"menu_order":0,"comment_status":"closed","ping_status":"closed","template":"page-templates\/template-no-sidebar.php","meta":{"_genesis_hide_title":false,"_genesis_hide_breadcrumbs":false,"_genesis_hide_singular_image":false,"_genesis_hide_footer_widgets":false,"_genesis_custom_body_class":"","_genesis_custom_post_class":"","_genesis_layout":"","ngg_post_thumbnail":0,"footnotes":""},"class_list":{"0":"post-173","1":"page","2":"type-page","3":"status-publish","5":"entry"},"aioseo_notices":[],"_links":{"self":[{"href":"https:\/\/hmedia.de\/photo\/wp-json\/wp\/v2\/pages\/173","targetHints":{"allow":["GET"]}}],"collection":[{"href":"https:\/\/hmedia.de\/photo\/wp-json\/wp\/v2\/pages"}],"about":[{"href":"https:\/\/hmedia.de\/photo\/wp-json\/wp\/v2\/types\/page"}],"author":[{"embeddable":true,"href":"https:\/\/hmedia.de\/photo\/wp-json\/wp\/v2\/users\/1"}],"replies":[{"embeddable":true,"href":"https:\/\/hmedia.de\/photo\/wp-json\/wp\/v2\/comments?post=173"}],"version-history":[{"count":10,"href":"https:\/\/hmedia.de\/photo\/wp-json\/wp\/v2\/pages\/173\/revisions"}],"predecessor-version":[{"id":590,"href":"https:\/\/hmedia.de\/photo\/wp-json\/wp\/v2\/pages\/173\/revisions\/590"}],"wp:attachment":[{"href":"https:\/\/hmedia.de\/photo\/wp-json\/wp\/v2\/media?parent=173"}],"curies":[{"name":"wp","href":"https:\/\/api.w.org\/{rel}","templated":true}]}}