{"id":1528,"date":"2017-07-11T12:18:18","date_gmt":"2017-07-11T10:18:18","guid":{"rendered":"http:\/\/hmedia.de\/photo\/?page_id=1528"},"modified":"2022-03-18T19:53:33","modified_gmt":"2022-03-18T17:53:33","slug":"businessfotos","status":"publish","type":"page","link":"https:\/\/hmedia.de\/photo\/fotoshootings\/businessfotos\/","title":{"rendered":"Businessfotos"},"content":{"rendered":"<p>Das Shooting findet bei mir im Studio in K\u00f6nigsbr\u00fcck oder bei Dir vor Ort statt. Es dauert 30 bis 60 Minuten. Dabei empfehle ich, unterschiedliche Outfits mitzubringen.<\/p>\n<p>Du erh\u00e4ltst 5 Bilder nach Deiner Auswahl, professionell bearbeitet, als hochaufgel\u00f6ste jpg-Dateien. Solltest Du Prints ben\u00f6tigen oder w\u00fcnschen, kann ich Dich dazu nat\u00fcrlich beraten bzw. diese selbst erstellen. Das h\u00e4ngt vom Umfang und der geplanten Verwendung der Ausdrucke ab.<\/p>\n<p><strong>Das beschriebene Paket kostet 180 \u20ac<\/strong> inklusive Mehrwertsteuer. Jedes weitere Bild kostet 25 \u20ac. Sollte das Shooting bei Dir stattfinden, berechne ich Fahrtkosten von 0,50 \u20ac pro gefahrenem Kilometer.<\/p>\n<p>Sobald ich von Dir einen Auftrag erhalte, richte ich Dir im Kundenbereich einen Zugang ein und Du bekommst dar\u00fcber weitere Hinweise und Tipps zu Ablauf, Kleidung und Make-Up.<\/p>\n","protected":false},"excerpt":{"rendered":"<p>Das Shooting findet bei mir im Studio in K\u00f6nigsbr\u00fcck oder bei Dir vor Ort statt. Es dauert 30 bis 60 Minuten. Dabei empfehle ich, unterschiedliche Outfits mitzubringen. Du erh\u00e4ltst 5 Bilder nach Deiner Auswahl, professionell bearbeitet, als hochaufgel\u00f6ste jpg-Dateien. Solltest Du Prints ben\u00f6tigen oder w\u00fcnschen, kann ich Dich dazu nat\u00fcrlich beraten bzw. diese selbst erstellen. [&hellip;]<\/p>\n","protected":false},"author":1,"featured_media":2533,"parent":2607,"menu_order":0,"comment_status":"closed","ping_status":"closed","template":"page-templates\/template-featured-image.php","meta":{"_genesis_hide_title":false,"_genesis_hide_breadcrumbs":false,"_genesis_hide_singular_image":false,"_genesis_hide_footer_widgets":false,"_genesis_custom_body_class":"","_genesis_custom_post_class":"","_genesis_layout":"","ngg_post_thumbnail":0,"footnotes":""},"class_list":{"0":"post-1528","1":"page","2":"type-page","3":"status-publish","4":"has-post-thumbnail","6":"entry"},"aioseo_notices":[],"_links":{"self":[{"href":"https:\/\/hmedia.de\/photo\/wp-json\/wp\/v2\/pages\/1528","targetHints":{"allow":["GET"]}}],"collection":[{"href":"https:\/\/hmedia.de\/photo\/wp-json\/wp\/v2\/pages"}],"about":[{"href":"https:\/\/hmedia.de\/photo\/wp-json\/wp\/v2\/types\/page"}],"author":[{"embeddable":true,"href":"https:\/\/hmedia.de\/photo\/wp-json\/wp\/v2\/users\/1"}],"replies":[{"embeddable":true,"href":"https:\/\/hmedia.de\/photo\/wp-json\/wp\/v2\/comments?post=1528"}],"version-history":[{"count":4,"href":"https:\/\/hmedia.de\/photo\/wp-json\/wp\/v2\/pages\/1528\/revisions"}],"predecessor-version":[{"id":6928,"href":"https:\/\/hmedia.de\/photo\/wp-json\/wp\/v2\/pages\/1528\/revisions\/6928"}],"up":[{"embeddable":true,"href":"https:\/\/hmedia.de\/photo\/wp-json\/wp\/v2\/pages\/2607"}],"wp:featuredmedia":[{"embeddable":true,"href":"https:\/\/hmedia.de\/photo\/wp-json\/wp\/v2\/media\/2533"}],"wp:attachment":[{"href":"https:\/\/hmedia.de\/photo\/wp-json\/wp\/v2\/media?parent=1528"}],"curies":[{"name":"wp","href":"https:\/\/api.w.org\/{rel}","templated":true}]}}